{"id":3601,"date":"2021-08-18T14:44:35","date_gmt":"2021-08-18T12:44:35","guid":{"rendered":"https:\/\/sabimmo.artwhere.co\/tarifs\/"},"modified":"2021-11-15T15:21:14","modified_gmt":"2021-11-15T14:21:14","slug":"tarifs","status":"publish","type":"page","link":"https:\/\/www.sabimmo.eu\/fr\/tarifs\/","title":{"rendered":"Tarifs"},"content":{"rendered":"<p>[vc_row full_width=&#8221;stretch_row_content_no_spaces&#8221; css=&#8221;.vc_custom_1533033191105{margin-bottom: 0px !important;background-color: #f4f4f4 !important;}&#8221;][vc_column width=&#8221;1\/6&#8243;][\/vc_column][vc_column width=&#8221;2\/3&#8243;]<div class=\" \">\r\n\t\r\n        <div class=\"mh-heading-wrapper\">\r\n            <h2            class=\"mh-heading      vc_custom_1636978690949\"\r\n            style=\"font-weight:700;\">\r\n\t\t\tTarifs        <\/h2>\r\n\r\n\t\t    <\/div>\r\n\r\n\t<\/div>[vc_column_text css=&#8221;.vc_custom_1636979241457{margin-bottom: 24px !important;}&#8221;]<\/p>\n<h3 style=\"text-align: center;\">Toute mission fera l\u2019objet d\u2019une convention \u00e9crite, sign\u00e9e par les parties et comporte une obligation de moyens et non de r\u00e9sultats.<\/h3>\n<p>[\/vc_column_text][vc_column_text css=&#8221;.vc_custom_1636978772973{margin-bottom: 24px !important;}&#8221;]<\/p>\n<p style=\"text-align: center; font-size: 21px;\">Les tarifs ci-dessous sont d\u2019application pour des biens immobiliers \u00ab\u00a0standards\u00a0\u00bb, dans un contexte de march\u00e9 normal, et pour autant que tous les documents et informations n\u00e9cessaires au bon d\u00e9roulement aient \u00e9t\u00e9 communiqu\u00e9s d\u00e8s le d\u00e9but de la mission.<\/p>\n<p>[\/vc_column_text][vc_column_text css=&#8221;.vc_custom_1636986068682{margin-bottom: 24px !important;}&#8221;]<\/p>\n<p style=\"text-align: center; font-size: 18px;\"><strong>Constitution de dossier<\/strong> &#8211; 375,00 HTVA &#8211; 453,75 TVAC<br \/>\n<strong>Estimation sommaire<\/strong> &#8211; 300,00 HTVA &#8211; 363,00 TVAC<\/p>\n<p>[\/vc_column_text][\/vc_column][vc_column width=&#8221;1\/6&#8243;][\/vc_column][\/vc_row][vc_row full_width=&#8221;stretch_row_content_no_spaces&#8221; css=&#8221;.vc_custom_1636985693031{background-color: #f4f4f4 !important;}&#8221;][vc_column width=&#8221;1\/6&#8243;][\/vc_column][vc_column width=&#8221;2\/3&#8243;][vc_row_inner css=&#8221;.vc_custom_1636981123145{margin-right: 0px !important;margin-left: 0px !important;border-right-width: 0px !important;border-left-width: 0px !important;}&#8221;][vc_column_inner width=&#8221;1\/3&#8243; css=&#8221;.vc_custom_1636981388917{padding-top: 0px !important;padding-right: 10px !important;padding-left: 10px !important;}&#8221;]<div class=\" \">\r\n\t\r\n        <div class=\"mh-heading-wrapper\">\r\n            <h3            class=\"mh-heading mh-color-white     vc_custom_1636982463836\"\r\n            style=\"font-weight:700;\">\r\n\t\t\tMission exclusive de vente        <\/h3>\r\n\r\n\t\t    <\/div>\r\n\r\n\t<\/div><div class=\" \">\r\n\t\r\n        <div class=\"mh-heading-wrapper\">\r\n            <h5            class=\"mh-heading mh-color-white     vc_custom_1636982559580\"\r\n            style=\"font-weight:700;\">\r\n\t\t\tTerrains et Propri\u00e9t\u00e9s b\u00e2ties        <\/h5>\r\n\r\n\t\t    <\/div>\r\n\r\n\t<\/div>[vc_column_text css=&#8221;.vc_custom_1636982592787{margin-bottom: 0px !important;padding-top: 25px !important;padding-right: 15px !important;padding-bottom: 15px !important;padding-left: 15px !important;background-color: #ffffff !important;}&#8221;]<strong>PV &lt; \u00e0 250.000\u20ac<\/strong>\u00a0 &#8211; 5,00 % HTVA &#8211;\u00a0 6,05 % TVAC<\/p>\n<p><strong>PV &gt; \u00e0 250.000\u20ac<\/strong> &#8211; 3,00 % HTVA\u00a0 &#8211; 3,63 % TVAC<\/p>\n<p>[\/vc_column_text]\n<div style=\"text-align:center;\"\n\t class=\" vc_custom_1636982374335\">\n\t<a href=\"https:\/\/www.sabimmo.eu\/fr\/contact\/\"\n\t   class=\"mdl-button mdl-js-button mdl-button--raised mdl-button--primary mdl-button--lg\"\n\t   title=\"Plus d&#039;info\"\n\t   target=\"_self\"\n\t>\n\t\tPlus d&#039;info\t<\/a>\n<\/div>\n[\/vc_column_inner][vc_column_inner width=&#8221;1\/3&#8243; css=&#8221;.vc_custom_1636981404633{padding-top: 0px !important;padding-right: 10px !important;padding-left: 10px !important;}&#8221;]<div class=\" \">\r\n\t\r\n        <div class=\"mh-heading-wrapper\">\r\n            <h3            class=\"mh-heading mh-color-white     vc_custom_1636982824316\"\r\n            style=\"font-weight:700;\">\r\n\t\t\tMission exclusive de conseil        <\/h3>\r\n\r\n\t\t    <\/div>\r\n\r\n\t<\/div><div class=\" \">\r\n\t\r\n        <div class=\"mh-heading-wrapper\">\r\n            <h5            class=\"mh-heading mh-color-white     vc_custom_1636982837907\"\r\n            style=\"font-weight:700;\">\r\n\t\t\tvente, achat, analyse, \u00e9valuations, gestion et suivi de dossiers\u2026        <\/h5>\r\n\r\n\t\t    <\/div>\r\n\r\n\t<\/div>[vc_column_text css=&#8221;.vc_custom_1636986017552{margin-bottom: 0px !important;padding-top: 25px !important;padding-right: 15px !important;padding-bottom: 15px !important;padding-left: 15px !important;background-color: #ffffff !important;}&#8221;]<strong>Provision initiale<\/strong> &#8211; 1.000,00 &#8211; 1.210,00<\/p>\n<p><strong>Taux de base<\/strong> &#8211; heure &#8211; 150,00 &#8211; 181,50<\/p>\n<p><strong>Frais :<br \/>\n<\/strong><\/p>\n<ul>\n<li>D\u00e9placements en Belgique, par km : 0,65 EUR + 35,00 \u20ac\/h HTVA;<\/li>\n<li>frais d\u2019envoi par lettre, fax ou e-mail : 9,00 EUR HTVA ;<\/li>\n<li>frais d\u2019envoi par recommand\u00e9 : 15,00 EUR HTVA;<\/li>\n<li>frais de dactylographie par page : 9,00 EUR HTVA ;<\/li>\n<li>frais de fax ou mail entrant par page : 0,25 EUR HTVA;<\/li>\n<li>frais de photocopie N\/B par page : 0,25 EUR HTVA;<\/li>\n<\/ul>\n<p><strong>Lotissements et changement de destination (ZACC)<\/strong> : Terrains et Propri\u00e9t\u00e9s b\u00e2ties<br \/>\n<strong>PV &lt; \u00e0 250.000\u20ac<\/strong> &#8211; 5,00 % HTVA &#8211; 6,05 % TVAC<br \/>\n<strong>PV &gt; \u00e0 250.000\u20ac<\/strong> &#8211; 3,00 % HTVA &#8211; 3,63 % TVAC<\/p>\n<p><strong>Participation au r\u00e9sultat<\/strong> &#8211; \u00e0 convenir[\/vc_column_text]\n<div style=\"text-align:center;\"\n\t class=\" vc_custom_1636982374335\">\n\t<a href=\"https:\/\/www.sabimmo.eu\/fr\/contact\/\"\n\t   class=\"mdl-button mdl-js-button mdl-button--raised mdl-button--primary mdl-button--lg\"\n\t   title=\"Plus d&#039;info\"\n\t   target=\"_self\"\n\t>\n\t\tPlus d&#039;info\t<\/a>\n<\/div>\n[\/vc_column_inner][vc_column_inner width=&#8221;1\/3&#8243; css=&#8221;.vc_custom_1636981397468{padding-top: 0px !important;padding-right: 10px !important;padding-left: 10px !important;}&#8221;]<div class=\" \">\r\n\t\r\n        <div class=\"mh-heading-wrapper\">\r\n            <h3            class=\"mh-heading mh-color-white     vc_custom_1636982696439\"\r\n            style=\"font-weight:700;\">\r\n\t\t\tMission exclusive de recherche\/achat        <\/h3>\r\n\r\n\t\t    <\/div>\r\n\r\n\t<\/div><div class=\" \">\r\n\t\r\n        <div class=\"mh-heading-wrapper\">\r\n            <h5            class=\"mh-heading mh-color-white     vc_custom_1636982712460\"\r\n            style=\"font-weight:700;\">\r\n\t\t\tTerrains et Propri\u00e9t\u00e9s b\u00e2ties        <\/h5>\r\n\r\n\t\t    <\/div>\r\n\r\n\t<\/div>[vc_column_text css=&#8221;.vc_custom_1636982781731{margin-bottom: 0px !important;padding-top: 25px !important;padding-right: 15px !important;padding-bottom: 15px !important;padding-left: 15px !important;background-color: #ffffff !important;}&#8221;]<strong>Provision initiale<\/strong> &#8211; 1.000,00 &#8211; 1.210,00<\/p>\n<p><strong>PA &lt; \u00e0 250.000\u20ac<\/strong> &#8211; 5,00 % &#8211; 6,05 %<\/p>\n<p><strong>PA &gt; \u00e0 250.000\u20ac<\/strong> &#8211; 3,00 % &#8211; 3,63 %[\/vc_column_text]\n<div style=\"text-align:center;\"\n\t class=\" vc_custom_1636982374335\">\n\t<a href=\"https:\/\/www.sabimmo.eu\/fr\/contact\/\"\n\t   class=\"mdl-button mdl-js-button mdl-button--raised mdl-button--primary mdl-button--lg\"\n\t   title=\"Plus d&#039;info\"\n\t   target=\"_self\"\n\t>\n\t\tPlus d&#039;info\t<\/a>\n<\/div>\n[\/vc_column_inner][\/vc_row_inner][\/vc_column][vc_column width=&#8221;1\/6&#8243;][\/vc_column][\/vc_row][vc_row full_width=&#8221;stretch_row_content_no_spaces&#8221; css=&#8221;.vc_custom_1636985816959{padding-bottom: 50px !important;background-color: #f4f4f4 !important;}&#8221;][vc_column width=&#8221;1\/6&#8243;][\/vc_column][vc_column width=&#8221;2\/3&#8243;][vc_column_text css=&#8221;.vc_custom_1636985730188{margin-bottom: 24px !important;}&#8221;]<\/p>\n<p style=\"text-align: center; font-size: 16px;\">Tous frais de proc\u00e9dure (frais d\u2019Huissier ou frais de greffe etc.) et autres d\u00e9bours \u00e9ventuels (notamment les co\u00fbts administratifs de pi\u00e8ces d\u2019\u00e9tat civil ou d\u2019autres documents, les honoraires d\u2019un traducteur jur\u00e9 ou d\u2019un g\u00e9om\u00e8tre, \u2026) seront port\u00e9s en compte en suppl\u00e9ment + TVA de 21 % sur la base de pi\u00e8ces justificatives ou r\u00e9clam\u00e9s directement par le tiers intervenant (huissier, traducteur, expert, \u2026).<br \/>\nAutres biens \u00e0 usage professionnel (bureaux, commerces, industrie, parkings,\u2026)\u00a0: tarifs sur demande.<\/p>\n<p>[\/vc_column_text][\/vc_column][vc_column width=&#8221;1\/6&#8243;][\/vc_column][\/vc_row]<\/p>\n","protected":false},"excerpt":{"rendered":"<p>[vc_row full_width=&#8221;stretch_row_content_no_spaces&#8221; css=&#8221;.vc_custom_1533033191105{margin-bottom: 0px !important;background-color: #f4f4f4 !important;}&#8221;][vc_column width=&#8221;1\/6&#8243;][\/vc_column][vc_column width=&#8221;2\/3&#8243;][vc_column_text css=&#8221;.vc_custom_1636979241457{margin-bottom: 24px !important;}&#8221;] Toute mission fera l\u2019objet d\u2019une convention \u00e9crite, sign\u00e9e par les parties et comporte une obligation de moyens et non de r\u00e9sultats. [\/vc_column_text][vc_column_text css=&#8221;.vc_custom_1636978772973{margin-bottom: 24px !important;}&#8221;] Les tarifs ci-dessous sont d\u2019application pour des biens immobiliers \u00ab\u00a0standards\u00a0\u00bb, dans un contexte de march\u00e9 normal, et pour [&hellip;]<\/p>\n","protected":false},"author":1,"featured_media":0,"parent":0,"menu_order":0,"comment_status":"closed","ping_status":"closed","template":"page_full-width.php","meta":{"_acf_changed":false,"footnotes":""},"class_list":["post-3601","page","type-page","status-publish","hentry"],"acf":[],"yoast_head":"<!-- This site is optimized with the Yoast SEO plugin v27.6 - https:\/\/yoast.com\/product\/yoast-seo-wordpress\/ -->\n<title>Tarifs - Sabimmo<\/title>\n<meta name=\"robots\" content=\"index, follow, max-snippet:-1, max-image-preview:large, max-video-preview:-1\" \/>\n<link rel=\"canonical\" href=\"https:\/\/www.sabimmo.eu\/\/fr\/wp-json\/wp\/v2\/pages\/3601\" \/>\n<meta property=\"og:locale\" content=\"fr_FR\" \/>\n<meta property=\"og:type\" content=\"article\" \/>\n<meta property=\"og:title\" content=\"Tarifs - Sabimmo\" \/>\n<meta property=\"og:description\" content=\"[vc_row full_width=&#8221;stretch_row_content_no_spaces&#8221; css=&#8221;.vc_custom_1533033191105{margin-bottom: 0px !important;background-color: #f4f4f4 !important;}&#8221;][vc_column width=&#8221;1\/6&#8243;][\/vc_column][vc_column width=&#8221;2\/3&#8243;][vc_column_text css=&#8221;.vc_custom_1636979241457{margin-bottom: 24px !important;}&#8221;] Toute mission fera l\u2019objet d\u2019une convention \u00e9crite, sign\u00e9e par les parties et comporte une obligation de moyens et non de r\u00e9sultats. [\/vc_column_text][vc_column_text css=&#8221;.vc_custom_1636978772973{margin-bottom: 24px !important;}&#8221;] Les tarifs ci-dessous sont d\u2019application pour des biens immobiliers \u00ab\u00a0standards\u00a0\u00bb, dans un contexte de march\u00e9 normal, et pour [&hellip;]\" \/>\n<meta property=\"og:url\" content=\"https:\/\/www.sabimmo.eu\/fr\/tarifs\/\" \/>\n<meta property=\"og:site_name\" content=\"Sabimmo\" \/>\n<meta property=\"article:modified_time\" content=\"2021-11-15T14:21:14+00:00\" \/>\n<meta name=\"twitter:card\" content=\"summary_large_image\" \/>\n<meta name=\"twitter:label1\" content=\"Dur\u00e9e de lecture estim\u00e9e\" \/>\n\t<meta name=\"twitter:data1\" content=\"6 minutes\" \/>\n<script type=\"application\/ld+json\" class=\"yoast-schema-graph\">{\"@context\":\"https:\\\/\\\/schema.org\",\"@graph\":[{\"@type\":\"WebPage\",\"@id\":\"https:\\\/\\\/www.sabimmo.eu\\\/fr\\\/tarifs\\\/\",\"url\":\"https:\\\/\\\/www.sabimmo.eu\\\/fr\\\/tarifs\\\/\",\"name\":\"Tarifs - Sabimmo\",\"isPartOf\":{\"@id\":\"https:\\\/\\\/www.sabimmo.eu\\\/fr\\\/#website\"},\"datePublished\":\"2021-08-18T12:44:35+00:00\",\"dateModified\":\"2021-11-15T14:21:14+00:00\",\"breadcrumb\":{\"@id\":\"https:\\\/\\\/www.sabimmo.eu\\\/fr\\\/tarifs\\\/#breadcrumb\"},\"inLanguage\":\"fr-FR\",\"potentialAction\":[{\"@type\":\"ReadAction\",\"target\":[\"https:\\\/\\\/www.sabimmo.eu\\\/fr\\\/tarifs\\\/\"]}]},{\"@type\":\"BreadcrumbList\",\"@id\":\"https:\\\/\\\/www.sabimmo.eu\\\/fr\\\/tarifs\\\/#breadcrumb\",\"itemListElement\":[{\"@type\":\"ListItem\",\"position\":1,\"name\":\"Accueil\",\"item\":\"https:\\\/\\\/www.sabimmo.eu\\\/fr\\\/\"},{\"@type\":\"ListItem\",\"position\":2,\"name\":\"Tarifs\"}]},{\"@type\":\"WebSite\",\"@id\":\"https:\\\/\\\/www.sabimmo.eu\\\/fr\\\/#website\",\"url\":\"https:\\\/\\\/www.sabimmo.eu\\\/fr\\\/\",\"name\":\"Sabimmo\",\"description\":\"Expertises, ventes, locations, gestion et conseils immobiliers\",\"alternateName\":\"Sabimmo\",\"potentialAction\":[{\"@type\":\"SearchAction\",\"target\":{\"@type\":\"EntryPoint\",\"urlTemplate\":\"https:\\\/\\\/www.sabimmo.eu\\\/fr\\\/?s={search_term_string}\"},\"query-input\":{\"@type\":\"PropertyValueSpecification\",\"valueRequired\":true,\"valueName\":\"search_term_string\"}}],\"inLanguage\":\"fr-FR\"}]}<\/script>\n<!-- \/ Yoast SEO plugin. -->","yoast_head_json":{"title":"Tarifs - Sabimmo","robots":{"index":"index","follow":"follow","max-snippet":"max-snippet:-1","max-image-preview":"max-image-preview:large","max-video-preview":"max-video-preview:-1"},"canonical":"https:\/\/www.sabimmo.eu\/\/fr\/wp-json\/wp\/v2\/pages\/3601","og_locale":"fr_FR","og_type":"article","og_title":"Tarifs - Sabimmo","og_description":"[vc_row full_width=&#8221;stretch_row_content_no_spaces&#8221; css=&#8221;.vc_custom_1533033191105{margin-bottom: 0px !important;background-color: #f4f4f4 !important;}&#8221;][vc_column width=&#8221;1\/6&#8243;][\/vc_column][vc_column width=&#8221;2\/3&#8243;][vc_column_text css=&#8221;.vc_custom_1636979241457{margin-bottom: 24px !important;}&#8221;] Toute mission fera l\u2019objet d\u2019une convention \u00e9crite, sign\u00e9e par les parties et comporte une obligation de moyens et non de r\u00e9sultats. [\/vc_column_text][vc_column_text css=&#8221;.vc_custom_1636978772973{margin-bottom: 24px !important;}&#8221;] Les tarifs ci-dessous sont d\u2019application pour des biens immobiliers \u00ab\u00a0standards\u00a0\u00bb, dans un contexte de march\u00e9 normal, et pour [&hellip;]","og_url":"https:\/\/www.sabimmo.eu\/fr\/tarifs\/","og_site_name":"Sabimmo","article_modified_time":"2021-11-15T14:21:14+00:00","twitter_card":"summary_large_image","twitter_misc":{"Dur\u00e9e de lecture estim\u00e9e":"6 minutes"},"schema":{"@context":"https:\/\/schema.org","@graph":[{"@type":"WebPage","@id":"https:\/\/www.sabimmo.eu\/fr\/tarifs\/","url":"https:\/\/www.sabimmo.eu\/fr\/tarifs\/","name":"Tarifs - Sabimmo","isPartOf":{"@id":"https:\/\/www.sabimmo.eu\/fr\/#website"},"datePublished":"2021-08-18T12:44:35+00:00","dateModified":"2021-11-15T14:21:14+00:00","breadcrumb":{"@id":"https:\/\/www.sabimmo.eu\/fr\/tarifs\/#breadcrumb"},"inLanguage":"fr-FR","potentialAction":[{"@type":"ReadAction","target":["https:\/\/www.sabimmo.eu\/fr\/tarifs\/"]}]},{"@type":"BreadcrumbList","@id":"https:\/\/www.sabimmo.eu\/fr\/tarifs\/#breadcrumb","itemListElement":[{"@type":"ListItem","position":1,"name":"Accueil","item":"https:\/\/www.sabimmo.eu\/fr\/"},{"@type":"ListItem","position":2,"name":"Tarifs"}]},{"@type":"WebSite","@id":"https:\/\/www.sabimmo.eu\/fr\/#website","url":"https:\/\/www.sabimmo.eu\/fr\/","name":"Sabimmo","description":"Expertises, ventes, locations, gestion et conseils immobiliers","alternateName":"Sabimmo","potentialAction":[{"@type":"SearchAction","target":{"@type":"EntryPoint","urlTemplate":"https:\/\/www.sabimmo.eu\/fr\/?s={search_term_string}"},"query-input":{"@type":"PropertyValueSpecification","valueRequired":true,"valueName":"search_term_string"}}],"inLanguage":"fr-FR"}]}},"_links":{"self":[{"href":"https:\/\/www.sabimmo.eu\/fr\/wp-json\/wp\/v2\/pages\/3601","targetHints":{"allow":["GET"]}}],"collection":[{"href":"https:\/\/www.sabimmo.eu\/fr\/wp-json\/wp\/v2\/pages"}],"about":[{"href":"https:\/\/www.sabimmo.eu\/fr\/wp-json\/wp\/v2\/types\/page"}],"author":[{"embeddable":true,"href":"https:\/\/www.sabimmo.eu\/fr\/wp-json\/wp\/v2\/users\/1"}],"replies":[{"embeddable":true,"href":"https:\/\/www.sabimmo.eu\/fr\/wp-json\/wp\/v2\/comments?post=3601"}],"version-history":[{"count":0,"href":"https:\/\/www.sabimmo.eu\/fr\/wp-json\/wp\/v2\/pages\/3601\/revisions"}],"wp:attachment":[{"href":"https:\/\/www.sabimmo.eu\/fr\/wp-json\/wp\/v2\/media?parent=3601"}],"curies":[{"name":"wp","href":"https:\/\/api.w.org\/{rel}","templated":true}]}}