{"id":1674,"date":"2017-05-05T10:50:45","date_gmt":"2017-05-05T10:50:45","guid":{"rendered":"http:\/\/export-1.test-tangibledesign.net\/?page_id=1674"},"modified":"2022-03-07T09:15:39","modified_gmt":"2022-03-07T08:15:39","slug":"contact","status":"publish","type":"page","link":"https:\/\/www.sabimmo.eu\/en\/contact\/","title":{"rendered":"Contact"},"content":{"rendered":"<p>[vc_row full_width=&#8221;stretch_row&#8221; equal_height=&#8221;yes&#8221; css=&#8221;.vc_custom_1494337711020{margin-bottom: 48px !important;}&#8221;][vc_column width=&#8221;1\/3&#8243; css=&#8221;.vc_custom_1494336662073{padding-right: 24px !important;}&#8221;]<div class=\"mh-heading-wrapper--left \">\r\n\t\r\n        <div class=\"mh-heading-wrapper\">\r\n            <h2            class=\"mh-heading  mh-heading--bottom-separator   \"\r\n            style=\"font-weight:700;\">\r\n\t\t\tWrite to us        <\/h2>\r\n\r\n\t\t    <\/div>\r\n\r\n\t<\/div>\n<div class=\"wpcf7 no-js\" id=\"wpcf7-f1676-o1\" lang=\"en-US\" dir=\"ltr\" data-wpcf7-id=\"1676\">\n<div class=\"screen-reader-response\"><p role=\"status\" aria-live=\"polite\" aria-atomic=\"true\"><\/p> <ul><\/ul><\/div>\n<form action=\"\/en\/wp-json\/wp\/v2\/pages\/1674#wpcf7-f1676-o1\" method=\"post\" class=\"wpcf7-form init\" aria-label=\"Contact form\" novalidate=\"novalidate\" data-status=\"init\">\n<fieldset class=\"hidden-fields-container\"><input type=\"hidden\" name=\"_wpcf7\" value=\"1676\" \/><input type=\"hidden\" name=\"_wpcf7_version\" value=\"6.1.5\" \/><input type=\"hidden\" name=\"_wpcf7_locale\" value=\"en_US\" \/><input type=\"hidden\" name=\"_wpcf7_unit_tag\" value=\"wpcf7-f1676-o1\" \/><input type=\"hidden\" name=\"_wpcf7_container_post\" value=\"0\" \/><input type=\"hidden\" name=\"_wpcf7_posted_data_hash\" value=\"\" \/><input type=\"hidden\" name=\"_wpcf7_recaptcha_response\" value=\"\" \/>\n<\/fieldset>\n<p><label><span class=\"wpcf7-form-control-wrap\" data-name=\"your-name\"><input size=\"40\" maxlength=\"400\" class=\"wpcf7-form-control wpcf7-text wpcf7-validates-as-required\" aria-required=\"true\" aria-invalid=\"false\" placeholder=\"Your name*\" value=\"\" type=\"text\" name=\"your-name\" \/><\/span><\/label><label><span class=\"wpcf7-form-control-wrap\" data-name=\"your-email\"><input size=\"40\" maxlength=\"400\" class=\"wpcf7-form-control wpcf7-email wpcf7-validates-as-required wpcf7-text wpcf7-validates-as-email\" aria-required=\"true\" aria-invalid=\"false\" placeholder=\"Your email*\" value=\"\" type=\"email\" name=\"your-email\" \/><\/span><\/label><label><span class=\"wpcf7-form-control-wrap\" data-name=\"Subject\"><select class=\"wpcf7-form-control wpcf7-select wpcf7-validates-as-required\" aria-required=\"true\" aria-invalid=\"false\" name=\"Subject\"><option value=\"Option 1\">Option 1<\/option><option value=\"Option 2\">Option 2<\/option><option value=\"Option 3\">Option 3<\/option><\/select><\/span> <\/label><label><span class=\"wpcf7-form-control-wrap\" data-name=\"your-message\"><textarea cols=\"40\" rows=\"10\" maxlength=\"2000\" class=\"wpcf7-form-control wpcf7-textarea\" aria-invalid=\"false\" placeholder=\"Your message\" name=\"your-message\"><\/textarea><\/span> <\/label><input class=\"wpcf7-form-control wpcf7-submit has-spinner\" type=\"submit\" value=\"Send\" \/>\n<\/p><div class=\"wpcf7-response-output\" aria-hidden=\"true\"><\/div>\n<\/form>\n<\/div>\n[\/vc_column][vc_column width=&#8221;1\/3&#8243; css=&#8221;.vc_custom_1494336828259{padding-right: 24px !important;padding-left: 24px !important;background-color: #f4f4f4 !important;}&#8221;][vc_column_text]<\/p>\n<h3>Pourquoi nous faire confiance ?<\/h3>\n<p>Bien acheter, bien vendre et bien investir\u2026tel est votre objectif \u00e0 atteindre !<br \/>\nQuel que soit votre projet immobilier, nous nous investissons toujours pleinement pour nos clients.<br \/>\nNotre \u00e9quipe, \u00e0 taille humaine, s\u2019implique v\u00e9ritablement dans votre projet, a une connaissance accrue du m\u00e9tier et est l\u00e0 \u00e0 chaque \u00e9tape jusqu\u2019\u00e0 sa r\u00e9alisation, tout cela en vous simplifiant la vie et en vous faisant gagner du temps.<\/p>\n<p><strong>E-mail:<\/strong> info@sabimmo.eu<br \/>\n<strong>T\u00e9l\u00e9phone:<\/strong> +32 (0)2 762 06 06<br \/>\n<strong>Adresse :<\/strong> Av. Van Crombrugghe, 59 \u2013 1150 Woluwe[\/vc_column_text][easy-profiles template=&#8221;metro&#8221; profile_facebook=&#8221;#&#8221; profile_twitter=&#8221;#&#8221; profile_linkedin=&#8221;#&#8221; profile_instgram=&#8221;#&#8221; profile_youtube=&#8221;#&#8221;][\/vc_column][vc_column width=&#8221;1\/3&#8243; css=&#8221;.vc_custom_1494336835635{padding-right: 24px !important;padding-left: 24px !important;background-color: #f4f4f4 !important;}&#8221;][vc_column_text]<\/p>\n<h4>\u00ab\u00a0Votre temps est pr\u00e9cieux et votre satisfaction au centre de notre d\u00e9marche.\u00a0\u00bb<\/h4>\n<p><strong>Lundi-Vendredi :<\/strong>\u00a09h00 \u00e0 17h00<br \/>\n<strong>Samedi :<\/strong>\u00a010h00 \u00e0 15h00<br \/>\n<strong>Dimanche :<\/strong>\u00a0Ferm\u00e9[\/vc_column_text][\/vc_column][\/vc_row][vc_row full_width=&#8221;stretch_row_content_no_spaces&#8221;][vc_column][vc_gmaps link=&#8221;#E-8_JTNDaWZyYW1lJTIwc3JjJTNEJTIyaHR0cHMlM0ElMkYlMkZ3d3cuZ29vZ2xlLmNvbSUyRm1hcHMlMkZlbWJlZCUzRnBiJTNEJTIxMW0xOCUyMTFtMTIlMjExbTMlMjExZDIwMTYxLjUzNzE1OTM4NzI3NyUyMTJkNC40NDE3NzA1NzQyMTc5MzMlMjEzZDUwLjgyNzYwNDc2Nzg5ODE1JTIxMm0zJTIxMWYwJTIxMmYwJTIxM2YwJTIxM20yJTIxMWkxMDI0JTIxMmk3NjglMjE0ZjEzLjElMjEzbTMlMjExbTIlMjExczB4NDdjM2RiOWU4Zjg3Nzg1ZiUyNTNBMHgxNjc0ODAwNzc3ZGQxMDcxJTIxMnNBdmUuJTI1MjBWYW4lMjUyMENyb21icnVnZ2hlJTI1MjA1OSUyNTJDJTI1MjAxMTUwJTI1MjBXb2x1d2UtU2FpbnQtUGllcnJlJTIxNWUwJTIxM20yJTIxMXNmciUyMTJzYmUlMjE0djE2MjA3MzU3MzY0ODIlMjE1bTIlMjExc2ZyJTIxMnNiZSUyMiUyMHdpZHRoJTNEJTIyNjAwJTIyJTIwaGVpZ2h0JTNEJTIyNDUwJTIyJTIwc3R5bGUlM0QlMjJib3JkZXIlM0EwJTNCJTIyJTIwYWxsb3dmdWxsc2NyZWVuJTNEJTIyJTIyJTIwbG9hZGluZyUzRCUyMmxhenklMjIlM0UlM0MlMkZpZnJhbWUlM0U=&#8221; css=&#8221;.vc_custom_1620735774358{margin-top: 0px !important;margin-right: 0px !important;margin-bottom: 0px !important;margin-left: 0px !important;border-top-width: 0px !important;border-right-width: 0px !important;border-bottom-width: 0px !important;border-left-width: 0px !important;padding-top: 0px !important;padding-right: 0px !important;padding-bottom: 0px !important;padding-left: 0px !important;}&#8221;][\/vc_column][\/vc_row]<\/p>\n","protected":false},"excerpt":{"rendered":"<p>[vc_row full_width=&#8221;stretch_row&#8221; equal_height=&#8221;yes&#8221; css=&#8221;.vc_custom_1494337711020{margin-bottom: 48px !important;}&#8221;][vc_column width=&#8221;1\/3&#8243; css=&#8221;.vc_custom_1494336662073{padding-right: 24px !important;}&#8221;][\/vc_column][vc_column width=&#8221;1\/3&#8243; css=&#8221;.vc_custom_1494336828259{padding-right: 24px !important;padding-left: 24px !important;background-color: #f4f4f4 !important;}&#8221;][vc_column_text] Pourquoi nous faire confiance ? Bien acheter, bien vendre et bien investir\u2026tel est votre objectif \u00e0 atteindre ! Quel que soit votre projet immobilier, nous nous investissons toujours pleinement pour nos clients. Notre \u00e9quipe, \u00e0 taille humaine, [&hellip;]<\/p>\n","protected":false},"author":1,"featured_media":0,"parent":0,"menu_order":0,"comment_status":"closed","ping_status":"closed","template":"page_full-width-with-top-title.php","meta":{"_acf_changed":false,"footnotes":""},"class_list":["post-1674","page","type-page","status-publish","hentry"],"acf":[],"yoast_head":"<!-- This site is optimized with the Yoast SEO plugin v27.5 - https:\/\/yoast.com\/product\/yoast-seo-wordpress\/ -->\n<title>Contact - Sabimmo<\/title>\n<meta name=\"robots\" content=\"index, follow, max-snippet:-1, max-image-preview:large, max-video-preview:-1\" \/>\n<link rel=\"canonical\" href=\"https:\/\/www.sabimmo.eu\/\/en\/wp-json\/wp\/v2\/pages\/1674\" \/>\n<meta property=\"og:locale\" content=\"en_US\" \/>\n<meta property=\"og:type\" content=\"article\" \/>\n<meta property=\"og:title\" content=\"Contact - Sabimmo\" \/>\n<meta property=\"og:description\" content=\"[vc_row full_width=&#8221;stretch_row&#8221; equal_height=&#8221;yes&#8221; css=&#8221;.vc_custom_1494337711020{margin-bottom: 48px !important;}&#8221;][vc_column width=&#8221;1\/3&#8243; css=&#8221;.vc_custom_1494336662073{padding-right: 24px !important;}&#8221;][\/vc_column][vc_column width=&#8221;1\/3&#8243; css=&#8221;.vc_custom_1494336828259{padding-right: 24px !important;padding-left: 24px !important;background-color: #f4f4f4 !important;}&#8221;][vc_column_text] Pourquoi nous faire confiance ? Bien acheter, bien vendre et bien investir\u2026tel est votre objectif \u00e0 atteindre ! Quel que soit votre projet immobilier, nous nous investissons toujours pleinement pour nos clients. Notre \u00e9quipe, \u00e0 taille humaine, [&hellip;]\" \/>\n<meta property=\"og:url\" content=\"https:\/\/www.sabimmo.eu\/en\/contact\/\" \/>\n<meta property=\"og:site_name\" content=\"Sabimmo\" \/>\n<meta property=\"article:modified_time\" content=\"2022-03-07T08:15:39+00:00\" \/>\n<meta name=\"twitter:card\" content=\"summary_large_image\" \/>\n<meta name=\"twitter:label1\" content=\"Est. reading time\" \/>\n\t<meta name=\"twitter:data1\" content=\"2 minutes\" \/>\n<script type=\"application\/ld+json\" class=\"yoast-schema-graph\">{\"@context\":\"https:\\\/\\\/schema.org\",\"@graph\":[{\"@type\":\"WebPage\",\"@id\":\"https:\\\/\\\/www.sabimmo.eu\\\/en\\\/contact\\\/\",\"url\":\"https:\\\/\\\/www.sabimmo.eu\\\/en\\\/contact\\\/\",\"name\":\"Contact - Sabimmo\",\"isPartOf\":{\"@id\":\"https:\\\/\\\/www.sabimmo.eu\\\/en\\\/#website\"},\"datePublished\":\"2017-05-05T10:50:45+00:00\",\"dateModified\":\"2022-03-07T08:15:39+00:00\",\"breadcrumb\":{\"@id\":\"https:\\\/\\\/www.sabimmo.eu\\\/en\\\/contact\\\/#breadcrumb\"},\"inLanguage\":\"en-US\",\"potentialAction\":[{\"@type\":\"ReadAction\",\"target\":[\"https:\\\/\\\/www.sabimmo.eu\\\/en\\\/contact\\\/\"]}]},{\"@type\":\"BreadcrumbList\",\"@id\":\"https:\\\/\\\/www.sabimmo.eu\\\/en\\\/contact\\\/#breadcrumb\",\"itemListElement\":[{\"@type\":\"ListItem\",\"position\":1,\"name\":\"Accueil\",\"item\":\"https:\\\/\\\/www.sabimmo.eu\\\/en\\\/\"},{\"@type\":\"ListItem\",\"position\":2,\"name\":\"Contact\"}]},{\"@type\":\"WebSite\",\"@id\":\"https:\\\/\\\/www.sabimmo.eu\\\/en\\\/#website\",\"url\":\"https:\\\/\\\/www.sabimmo.eu\\\/en\\\/\",\"name\":\"Sabimmo\",\"description\":\"Expertises, ventes, locations, gestion et conseils immobiliers\",\"alternateName\":\"Sabimmo\",\"potentialAction\":[{\"@type\":\"SearchAction\",\"target\":{\"@type\":\"EntryPoint\",\"urlTemplate\":\"https:\\\/\\\/www.sabimmo.eu\\\/en\\\/?s={search_term_string}\"},\"query-input\":{\"@type\":\"PropertyValueSpecification\",\"valueRequired\":true,\"valueName\":\"search_term_string\"}}],\"inLanguage\":\"en-US\"}]}<\/script>\n<!-- \/ Yoast SEO plugin. -->","yoast_head_json":{"title":"Contact - Sabimmo","robots":{"index":"index","follow":"follow","max-snippet":"max-snippet:-1","max-image-preview":"max-image-preview:large","max-video-preview":"max-video-preview:-1"},"canonical":"https:\/\/www.sabimmo.eu\/\/en\/wp-json\/wp\/v2\/pages\/1674","og_locale":"en_US","og_type":"article","og_title":"Contact - Sabimmo","og_description":"[vc_row full_width=&#8221;stretch_row&#8221; equal_height=&#8221;yes&#8221; css=&#8221;.vc_custom_1494337711020{margin-bottom: 48px !important;}&#8221;][vc_column width=&#8221;1\/3&#8243; css=&#8221;.vc_custom_1494336662073{padding-right: 24px !important;}&#8221;][\/vc_column][vc_column width=&#8221;1\/3&#8243; css=&#8221;.vc_custom_1494336828259{padding-right: 24px !important;padding-left: 24px !important;background-color: #f4f4f4 !important;}&#8221;][vc_column_text] Pourquoi nous faire confiance ? Bien acheter, bien vendre et bien investir\u2026tel est votre objectif \u00e0 atteindre ! Quel que soit votre projet immobilier, nous nous investissons toujours pleinement pour nos clients. Notre \u00e9quipe, \u00e0 taille humaine, [&hellip;]","og_url":"https:\/\/www.sabimmo.eu\/en\/contact\/","og_site_name":"Sabimmo","article_modified_time":"2022-03-07T08:15:39+00:00","twitter_card":"summary_large_image","twitter_misc":{"Est. reading time":"2 minutes"},"schema":{"@context":"https:\/\/schema.org","@graph":[{"@type":"WebPage","@id":"https:\/\/www.sabimmo.eu\/en\/contact\/","url":"https:\/\/www.sabimmo.eu\/en\/contact\/","name":"Contact - Sabimmo","isPartOf":{"@id":"https:\/\/www.sabimmo.eu\/en\/#website"},"datePublished":"2017-05-05T10:50:45+00:00","dateModified":"2022-03-07T08:15:39+00:00","breadcrumb":{"@id":"https:\/\/www.sabimmo.eu\/en\/contact\/#breadcrumb"},"inLanguage":"en-US","potentialAction":[{"@type":"ReadAction","target":["https:\/\/www.sabimmo.eu\/en\/contact\/"]}]},{"@type":"BreadcrumbList","@id":"https:\/\/www.sabimmo.eu\/en\/contact\/#breadcrumb","itemListElement":[{"@type":"ListItem","position":1,"name":"Accueil","item":"https:\/\/www.sabimmo.eu\/en\/"},{"@type":"ListItem","position":2,"name":"Contact"}]},{"@type":"WebSite","@id":"https:\/\/www.sabimmo.eu\/en\/#website","url":"https:\/\/www.sabimmo.eu\/en\/","name":"Sabimmo","description":"Expertises, ventes, locations, gestion et conseils immobiliers","alternateName":"Sabimmo","potentialAction":[{"@type":"SearchAction","target":{"@type":"EntryPoint","urlTemplate":"https:\/\/www.sabimmo.eu\/en\/?s={search_term_string}"},"query-input":{"@type":"PropertyValueSpecification","valueRequired":true,"valueName":"search_term_string"}}],"inLanguage":"en-US"}]}},"_links":{"self":[{"href":"https:\/\/www.sabimmo.eu\/en\/wp-json\/wp\/v2\/pages\/1674","targetHints":{"allow":["GET"]}}],"collection":[{"href":"https:\/\/www.sabimmo.eu\/en\/wp-json\/wp\/v2\/pages"}],"about":[{"href":"https:\/\/www.sabimmo.eu\/en\/wp-json\/wp\/v2\/types\/page"}],"author":[{"embeddable":true,"href":"https:\/\/www.sabimmo.eu\/en\/wp-json\/wp\/v2\/users\/1"}],"replies":[{"embeddable":true,"href":"https:\/\/www.sabimmo.eu\/en\/wp-json\/wp\/v2\/comments?post=1674"}],"version-history":[{"count":0,"href":"https:\/\/www.sabimmo.eu\/en\/wp-json\/wp\/v2\/pages\/1674\/revisions"}],"wp:attachment":[{"href":"https:\/\/www.sabimmo.eu\/en\/wp-json\/wp\/v2\/media?parent=1674"}],"curies":[{"name":"wp","href":"https:\/\/api.w.org\/{rel}","templated":true}]}}